{"id":3425,"date":"2025-12-23T07:53:50","date_gmt":"2025-12-23T07:53:50","guid":{"rendered":"https:\/\/ciasalorenzi.it\/?page_id=3425"},"modified":"2025-12-24T09:49:07","modified_gmt":"2025-12-24T09:49:07","slug":"allgunsere-agb","status":"publish","type":"page","link":"https:\/\/ciasalorenzi.it\/de\/allgunsere-agb\/","title":{"rendered":"Allgemeine Gesch\u00e4ftsbedingungen"},"content":{"rendered":"\t\t<div data-elementor-type=\"wp-page\" data-elementor-id=\"3425\" class=\"elementor elementor-3425 elementor-3424\">\n\t\t\t\t<div class=\"elementor-element elementor-element-730c718b e-flex e-con-boxed e-con e-parent\" data-id=\"730c718b\" data-element_type=\"container\" data-e-type=\"container\" data-settings=\"{&quot;background_background&quot;:&quot;classic&quot;}\">\n\t\t\t\t\t<div class=\"e-con-inner\">\n\t\t\t\t<div class=\"elementor-element elementor-element-02b9857 elementor-widget elementor-widget-text-editor\" data-id=\"02b9857\" data-element_type=\"widget\" data-e-type=\"widget\" data-widget_type=\"text-editor.default\">\n\t\t\t\t<div class=\"elementor-widget-container\">\n\t\t\t\t\t\t\t\t\t<h2>Allgemeine Gesch\u00e4ftsbedingungen f\u00fcr den Aufenthalt<\/h2>\n<h3>An- und Abreisezeiten (Check-in \/ Check-out)<\/h3>\nCheck-in: Die Zimmer stehen am Anreisetag von 14:00 bis 21:00 Uhr zur Verf\u00fcgung.\n\nLate Check-in: Eine Anreise nach der festgelegten Zeit ist nur per Self-Check-in m\u00f6glich und muss vorab mit der Unterkunft vereinbart werden.\n\nCheck-out: Am Abreisetag bitten wir Sie, das Zimmer bis 10:00 Uhr zu verlassen.\n\nLate Check-out: Bei versp\u00e4teter Abreise (nach 10:00 Uhr) werden 50 % des Zimmerpreises in Rechnung gestellt.\n<h3>Steuern und zus\u00e4tzliche Kosten<\/h3>\nKurtaxe: Die Kurtaxe ist nicht im Zimmerpreis enthalten und betr\u00e4gt \u20ac 3,50 pro Person und Nacht.\n\nBefreiungen: Kinder unter 12 Jahren sind von der Zahlung der Kurtaxe befreit.\n\nReinigung: Es fallen keine zus\u00e4tzlichen Kosten f\u00fcr die Endreinigung oder Bettw\u00e4sche an.\n<h3>Kinder und Zustellbetten<\/h3>\nF\u00fcr Informationen zu Kinderzuschl\u00e4gen, der Verf\u00fcgbarkeit von Kinderbetten oder Zustellbetten senden Sie bitte vor der Buchung eine direkte Anfrage an die Unterkunft.\n<h3>Haustiere<\/h3>\nHaustiere sind nur in bestimmten Zimmern, ausschlie\u00dflich auf Anfrage und nach Best\u00e4tigung durch die Hotelleitung gestattet.\n\nF\u00fcr den Aufenthalt des Tieres wird ein t\u00e4glicher Aufpreis berechnet.\n<h3>Hausordnung<\/h3>\nRauchen: Das Rauchen in den Zimmern ist strengstens untersagt.\n<h3>Reservierungen und Stornierungsbedingungen<\/h3>\nAnzahlung: Zur Best\u00e4tigung der Reservierung ist eine Anzahlung in H\u00f6he von 30 % des Gesamtbetrags per Bank\u00fcberweisung erforderlich.\n\nKostenlose Stornierung: Eine kostenlose Stornierung der Reservierung ist bis zu 14 Tage vor dem geplanten Anreisedatum m\u00f6glich.\n\nStornogeb\u00fchr: Bei einer Stornierung nach Ablauf der 14-Tage-Frist ist der Reservierungsbetrag nicht erstattungsf\u00e4hig.\n<h4>Ciasa Lorenzi S.r.l.<\/h4>\nStammsitz: Via Cantore, 1\nMwSt.-Nr. \/ Steuernummer: 00811700251 REA-Eintragung: BL &#8211; 73094\nVollst\u00e4ndig eingezahltes Stammkapital: \u20ac 95.547,00\nE-Mail: hotel@ciasalorenzi.it\nPEC: hotelcornelio@pec.it\t\t\t\t\t\t\t\t<\/div>\n\t\t\t\t<\/div>\n\t\t\t\t\t<\/div>\n\t\t\t\t<\/div>\n\t\t\t\t<\/div>\n\t\t","protected":false},"excerpt":{"rendered":"<p>Allgemeine Gesch\u00e4ftsbedingungen f\u00fcr den Aufenthalt An- und Abreisezeiten (Check-in \/ Check-out) Check-in: Die Zimmer stehen am Anreisetag von 14:00 bis 21:00 Uhr zur Verf\u00fcgung. Late Check-in: Eine Anreise nach der festgelegten Zeit ist nur per Self-Check-in m\u00f6glich und muss vorab mit der Unterkunft vereinbart werden. Check-out: Am Abreisetag bitten wir Sie, das Zimmer bis 10:00 [&hellip;]<\/p>\n","protected":false},"author":1,"featured_media":0,"parent":0,"menu_order":0,"comment_status":"closed","ping_status":"closed","template":"elementor_header_footer","meta":{"site-sidebar-layout":"default","site-content-layout":"","ast-site-content-layout":"default","site-content-style":"default","site-sidebar-style":"default","ast-global-header-display":"","ast-banner-title-visibility":"","ast-main-header-display":"","ast-hfb-above-header-display":"","ast-hfb-below-header-display":"","ast-hfb-mobile-header-display":"","site-post-title":"","ast-breadcrumbs-content":"","ast-featured-img":"","footer-sml-layout":"","ast-disable-related-posts":"","theme-transparent-header-meta":"disabled","adv-header-id-meta":"","stick-header-meta":"","header-above-stick-meta":"","header-main-stick-meta":"","header-below-stick-meta":"","astra-migrate-meta-layouts":"set","ast-page-background-enabled":"default","ast-page-background-meta":{"desktop":{"background-color":"","background-image":"","background-repeat":"repeat","background-position":"center center","background-size":"auto","background-attachment":"scroll","background-type":"","background-media":"","overlay-type":"","overlay-color":"","overlay-opacity":"","overlay-gradient":""},"tablet":{"background-color":"","background-image":"","background-repeat":"repeat","background-position":"center center","background-size":"auto","background-attachment":"scroll","background-type":"","background-media":"","overlay-type":"","overlay-color":"","overlay-opacity":"","overlay-gradient":""},"mobile":{"background-color":"","background-image":"","background-repeat":"repeat","background-position":"center center","background-size":"auto","background-attachment":"scroll","background-type":"","background-media":"","overlay-type":"","overlay-color":"","overlay-opacity":"","overlay-gradient":""}},"ast-content-background-meta":{"desktop":{"background-color":"var(--ast-global-color-5)","background-image":"","background-repeat":"repeat","background-position":"center center","background-size":"auto","background-attachment":"scroll","background-type":"","background-media":"","overlay-type":"","overlay-color":"","overlay-opacity":"","overlay-gradient":""},"tablet":{"background-color":"var(--ast-global-color-5)","background-image":"","background-repeat":"repeat","background-position":"center center","background-size":"auto","background-attachment":"scroll","background-type":"","background-media":"","overlay-type":"","overlay-color":"","overlay-opacity":"","overlay-gradient":""},"mobile":{"background-color":"var(--ast-global-color-5)","background-image":"","background-repeat":"repeat","background-position":"center center","background-size":"auto","background-attachment":"scroll","background-type":"","background-media":"","overlay-type":"","overlay-color":"","overlay-opacity":"","overlay-gradient":""}},"footnotes":""},"class_list":["post-3425","page","type-page","status-publish","hentry"],"_links":{"self":[{"href":"https:\/\/ciasalorenzi.it\/de\/wp-json\/wp\/v2\/pages\/3425","targetHints":{"allow":["GET"]}}],"collection":[{"href":"https:\/\/ciasalorenzi.it\/de\/wp-json\/wp\/v2\/pages"}],"about":[{"href":"https:\/\/ciasalorenzi.it\/de\/wp-json\/wp\/v2\/types\/page"}],"author":[{"embeddable":true,"href":"https:\/\/ciasalorenzi.it\/de\/wp-json\/wp\/v2\/users\/1"}],"replies":[{"embeddable":true,"href":"https:\/\/ciasalorenzi.it\/de\/wp-json\/wp\/v2\/comments?post=3425"}],"version-history":[{"count":5,"href":"https:\/\/ciasalorenzi.it\/de\/wp-json\/wp\/v2\/pages\/3425\/revisions"}],"predecessor-version":[{"id":3447,"href":"https:\/\/ciasalorenzi.it\/de\/wp-json\/wp\/v2\/pages\/3425\/revisions\/3447"}],"wp:attachment":[{"href":"https:\/\/ciasalorenzi.it\/de\/wp-json\/wp\/v2\/media?parent=3425"}],"curies":[{"name":"wp","href":"https:\/\/api.w.org\/{rel}","templated":true}]}}