{"id":2969,"date":"2025-11-27T11:50:14","date_gmt":"2025-11-27T11:50:14","guid":{"rendered":"https:\/\/ciasalorenzi.it\/lounge-club\/"},"modified":"2025-12-14T21:05:04","modified_gmt":"2025-12-14T21:05:04","slug":"lounge-club","status":"publish","type":"page","link":"https:\/\/ciasalorenzi.it\/de\/lounge-club\/","title":{"rendered":"Lounge \/ Club"},"content":{"rendered":"\t\t<div data-elementor-type=\"wp-page\" data-elementor-id=\"2969\" class=\"elementor elementor-2969 elementor-1723\">\n\t\t\t\t<div class=\"elementor-element elementor-element-05b0b34 e-flex e-con-boxed e-con e-parent\" data-id=\"05b0b34\" data-element_type=\"container\" data-e-type=\"container\" data-settings=\"{&quot;background_background&quot;:&quot;classic&quot;}\">\n\t\t\t\t\t<div class=\"e-con-inner\">\n\t\t<div class=\"elementor-element elementor-element-ee8ebfd e-con-full e-flex e-con e-child\" data-id=\"ee8ebfd\" data-element_type=\"container\" data-e-type=\"container\">\n\t\t\t\t<div class=\"elementor-element elementor-element-81f2446 elementor-widget elementor-widget-heading\" data-id=\"81f2446\" data-element_type=\"widget\" data-e-type=\"widget\" data-widget_type=\"heading.default\">\n\t\t\t\t<div class=\"elementor-widget-container\">\n\t\t\t\t\t<h1 class=\"elementor-heading-title elementor-size-default\">Lounge\/<br>Club<\/h1>\t\t\t\t<\/div>\n\t\t\t\t<\/div>\n\t\t<div class=\"elementor-element elementor-element-28aabd6 e-con-full e-flex e-con e-child\" data-id=\"28aabd6\" data-element_type=\"container\" data-e-type=\"container\">\n\t\t\t\t<div class=\"elementor-element elementor-element-2dc1bad elementor-widget elementor-widget-text-editor\" data-id=\"2dc1bad\" data-element_type=\"widget\" data-e-type=\"widget\" data-widget_type=\"text-editor.default\">\n\t\t\t\t<div class=\"elementor-widget-container\">\n\t\t\t\t\t\t\t\t\t<p>Jeden Freitagabend verwandelt sich das Ciasa Lorenzi.<br>Um 18 Uhr beginnt es auf der Terrasse mit Aperitifs und Cocktails in einer eleganten Atmosph\u00e4re, die auf den Abend einstimmt. Die Stimmung steigt und die Lounge wird zum Club: ein pulsierender Ort, an dem die Musik im Mittelpunkt steht. <\/p><p>Unser <b>internationales Line-up<\/b> umfasst bereits K\u00fcnstler wie <b>Michel Cleis, Spiller, Supernova, Lance, El Mukuka und Queen Rami<\/b> \u2013 und jede Woche bringen wir die besten aufstrebenden und etablierten DJs der Elektronikszene nach Cortina. <b>Die k\u00fcnstlerische Leitung liegt in den H\u00e4nden des internationalen K\u00fcnstlers Leo Gira<\/b> aus Cortina d&#8217;Ampezzo, der dank seiner Erfahrung in Clubs auf der ganzen Welt jedes musikalische Detail mit Weitblick kuratiert. <\/p><p>Es ist nicht nur Nachtleben: Es ist ein <b>einzigartiges Format<\/b>, das Musik, Geselligkeit und Stil im Herzen von Cortina d&#8217;Ampezzo vereint.<\/p>\t\t\t\t\t\t\t\t<\/div>\n\t\t\t\t<\/div>\n\t\t\t\t<\/div>\n\t\t<div class=\"elementor-element elementor-element-6fa435f e-con-full e-flex e-con e-child\" data-id=\"6fa435f\" data-element_type=\"container\" data-e-type=\"container\">\n\t\t\t\t<div class=\"elementor-element elementor-element-f4b9ab6 elementor-widget elementor-widget-button\" data-id=\"f4b9ab6\" data-element_type=\"widget\" data-e-type=\"widget\" data-widget_type=\"button.default\">\n\t\t\t\t<div class=\"elementor-widget-container\">\n\t\t\t\t\t\t\t\t\t<div class=\"elementor-button-wrapper\">\n\t\t\t\t\t<a class=\"elementor-button elementor-button-link elementor-size-sm\" href=\"https:\/\/www.instagram.com\/ciasalorenzi\/\" target=\"_blank\" rel=\"noopener\">\n\t\t\t\t\t\t<span class=\"elementor-button-content-wrapper\">\n\t\t\t\t\t\t<span class=\"elementor-button-icon\">\n\t\t\t\t<i aria-hidden=\"true\" class=\"fab fa-instagram\"><\/i>\t\t\t<\/span>\n\t\t\t\t\t\t\t\t\t<span class=\"elementor-button-text\">Entdecken Sie das Programm f\u00fcr Freitag<\/span>\n\t\t\t\t\t<\/span>\n\t\t\t\t\t<\/a>\n\t\t\t\t<\/div>\n\t\t\t\t\t\t\t\t<\/div>\n\t\t\t\t<\/div>\n\t\t\t\t<\/div>\n\t\t\t\t<\/div>\n\t\t\t\t\t<\/div>\n\t\t\t\t<\/div>\n\t\t\t\t<\/div>\n\t\t","protected":false},"excerpt":{"rendered":"<p>Lounge\/Club Jeden Freitagabend verwandelt sich das Ciasa Lorenzi.Um 18 Uhr beginnt es auf der Terrasse mit Aperitifs und Cocktails in einer eleganten Atmosph\u00e4re, die auf den Abend einstimmt. Die Stimmung steigt und die Lounge wird zum Club: ein pulsierender Ort, an dem die Musik im Mittelpunkt steht. Unser internationales Line-up umfasst bereits K\u00fcnstler wie Michel [&hellip;]<\/p>\n","protected":false},"author":1,"featured_media":0,"parent":0,"menu_order":0,"comment_status":"closed","ping_status":"closed","template":"","meta":{"site-sidebar-layout":"no-sidebar","site-content-layout":"page-builder","ast-site-content-layout":"full-width-container","site-content-style":"unboxed","site-sidebar-style":"unboxed","ast-global-header-display":"","ast-banner-title-visibility":"","ast-main-header-display":"","ast-hfb-above-header-display":"","ast-hfb-below-header-display":"","ast-hfb-mobile-header-display":"","site-post-title":"disabled","ast-breadcrumbs-content":"","ast-featured-img":"disabled","footer-sml-layout":"","ast-disable-related-posts":"","theme-transparent-header-meta":"enabled","adv-header-id-meta":"","stick-header-meta":"","header-above-stick-meta":"","header-main-stick-meta":"","header-below-stick-meta":"","astra-migrate-meta-layouts":"set","ast-page-background-enabled":"default","ast-page-background-meta":{"desktop":{"background-color":"","background-image":"","background-repeat":"repeat","background-position":"center center","background-size":"auto","background-attachment":"scroll","background-type":"","background-media":"","overlay-type":"","overlay-color":"","overlay-opacity":"","overlay-gradient":""},"tablet":{"background-color":"","background-image":"","background-repeat":"repeat","background-position":"center center","background-size":"auto","background-attachment":"scroll","background-type":"","background-media":"","overlay-type":"","overlay-color":"","overlay-opacity":"","overlay-gradient":""},"mobile":{"background-color":"","background-image":"","background-repeat":"repeat","background-position":"center center","background-size":"auto","background-attachment":"scroll","background-type":"","background-media":"","overlay-type":"","overlay-color":"","overlay-opacity":"","overlay-gradient":""}},"ast-content-background-meta":{"desktop":{"background-color":"var(--ast-global-color-5)","background-image":"","background-repeat":"repeat","background-position":"center center","background-size":"auto","background-attachment":"scroll","background-type":"","background-media":"","overlay-type":"","overlay-color":"","overlay-opacity":"","overlay-gradient":""},"tablet":{"background-color":"var(--ast-global-color-5)","background-image":"","background-repeat":"repeat","background-position":"center center","background-size":"auto","background-attachment":"scroll","background-type":"","background-media":"","overlay-type":"","overlay-color":"","overlay-opacity":"","overlay-gradient":""},"mobile":{"background-color":"var(--ast-global-color-5)","background-image":"","background-repeat":"repeat","background-position":"center center","background-size":"auto","background-attachment":"scroll","background-type":"","background-media":"","overlay-type":"","overlay-color":"","overlay-opacity":"","overlay-gradient":""}},"footnotes":""},"class_list":["post-2969","page","type-page","status-publish","hentry"],"_links":{"self":[{"href":"https:\/\/ciasalorenzi.it\/de\/wp-json\/wp\/v2\/pages\/2969","targetHints":{"allow":["GET"]}}],"collection":[{"href":"https:\/\/ciasalorenzi.it\/de\/wp-json\/wp\/v2\/pages"}],"about":[{"href":"https:\/\/ciasalorenzi.it\/de\/wp-json\/wp\/v2\/types\/page"}],"author":[{"embeddable":true,"href":"https:\/\/ciasalorenzi.it\/de\/wp-json\/wp\/v2\/users\/1"}],"replies":[{"embeddable":true,"href":"https:\/\/ciasalorenzi.it\/de\/wp-json\/wp\/v2\/comments?post=2969"}],"version-history":[{"count":3,"href":"https:\/\/ciasalorenzi.it\/de\/wp-json\/wp\/v2\/pages\/2969\/revisions"}],"predecessor-version":[{"id":2973,"href":"https:\/\/ciasalorenzi.it\/de\/wp-json\/wp\/v2\/pages\/2969\/revisions\/2973"}],"wp:attachment":[{"href":"https:\/\/ciasalorenzi.it\/de\/wp-json\/wp\/v2\/media?parent=2969"}],"curies":[{"name":"wp","href":"https:\/\/api.w.org\/{rel}","templated":true}]}}