{"id":2958,"date":"2025-11-27T09:34:59","date_gmt":"2025-11-27T09:34:59","guid":{"rendered":"https:\/\/ciasalorenzi.it\/restaurant-ciasa-lorenzi-kochen-als-erlebnis\/"},"modified":"2025-12-17T13:43:23","modified_gmt":"2025-12-17T13:43:23","slug":"restaurant-ciasa-lorenzi-kochen-als-erlebnis","status":"publish","type":"page","link":"https:\/\/ciasalorenzi.it\/de\/restaurant-ciasa-lorenzi-kochen-als-erlebnis\/","title":{"rendered":"Restaurant Ciasa Lorenzi, Kochen als Erlebnis"},"content":{"rendered":"\t\t<div data-elementor-type=\"wp-page\" data-elementor-id=\"2958\" class=\"elementor elementor-2958 elementor-1654\">\n\t\t\t\t<div class=\"elementor-element elementor-element-05b0b34 e-flex e-con-boxed e-con e-parent\" data-id=\"05b0b34\" data-element_type=\"container\" data-e-type=\"container\" data-settings=\"{&quot;background_background&quot;:&quot;classic&quot;}\">\n\t\t\t\t\t<div class=\"e-con-inner\">\n\t\t<div class=\"elementor-element elementor-element-ee8ebfd e-con-full e-flex e-con e-child\" data-id=\"ee8ebfd\" data-element_type=\"container\" data-e-type=\"container\">\n\t\t\t\t<div class=\"elementor-element elementor-element-7dab554 elementor-widget elementor-widget-hfe-infocard\" data-id=\"7dab554\" data-element_type=\"widget\" data-e-type=\"widget\" data-widget_type=\"hfe-infocard.default\">\n\t\t\t\t<div class=\"elementor-widget-container\">\n\t\t\t\t\t\n\t\t<div class=\"hfe-infocard\">\n\t\t\t\t\t\t\t\t\t<div class=\"hfe-infocard-title-wrap\">\n\t\t\t\t<h1 class=\"hfe-infocard-title elementor-inline-editing\" data-elementor-setting-key=\"infocard_title\" data-elementor-inline-editing-toolbar=\"basic\" >Restaurant<br>Ciasa Lorenzi<\/h1>\t\t\t<\/div>\n\t\t\t\t\t\t<div class=\"hfe-infocard-text-wrap\">\n\t\t\t\t<div class=\"hfe-infocard-text elementor-inline-editing\" data-elementor-setting-key=\"infocard_description\" data-elementor-inline-editing-toolbar=\"advanced\">\n\t\t\t\t\tDie K\u00fcche des Ciasa Lorenzi ist eine Reise zwischen Tradition und Kreativit\u00e4t. Nur wenige Schritte vom Zentrum entfernt und bequem zu Fu\u00df erreichbar, erwartet Sie das Restaurant zu einem Mittag- oder Abendessen mit Freunden, der Familie oder zu Gesch\u00e4ftstreffen. \t\t\t\t<\/div>\n\t\t\t\t\t\t\t<\/div>\n\t\t<\/div>\n\n\t\t\t\t\t\t<\/div>\n\t\t\t\t<\/div>\n\t\t\t\t<\/div>\n\t\t\t\t\t<\/div>\n\t\t\t\t<\/div>\n\t\t<div class=\"elementor-element elementor-element-ed1f7e3 e-flex e-con-boxed e-con e-parent\" data-id=\"ed1f7e3\" data-element_type=\"container\" data-e-type=\"container\" data-settings=\"{&quot;background_background&quot;:&quot;classic&quot;}\">\n\t\t\t\t\t<div class=\"e-con-inner\">\n\t\t<div class=\"elementor-element elementor-element-22608e1 e-con-full e-flex e-con e-child\" data-id=\"22608e1\" data-element_type=\"container\" data-e-type=\"container\" data-settings=\"{&quot;background_background&quot;:&quot;classic&quot;}\">\n\t\t\t\t<div class=\"elementor-element elementor-element-fe374a1 elementor-widget__width-initial elementor-widget elementor-widget-hfe-infocard\" data-id=\"fe374a1\" data-element_type=\"widget\" data-e-type=\"widget\" data-widget_type=\"hfe-infocard.default\">\n\t\t\t\t<div class=\"elementor-widget-container\">\n\t\t\t\t\t\n\t\t<div class=\"hfe-infocard\">\n\t\t\t\t\t\t\t\t\t<div class=\"hfe-infocard-title-wrap\">\n\t\t\t\t<h2 class=\"hfe-infocard-title elementor-inline-editing\" data-elementor-setting-key=\"infocard_title\" data-elementor-inline-editing-toolbar=\"basic\" >Die K\u00fcche als Erlebnis<\/h2>\t\t\t<\/div>\n\t\t\t\t\t\t<div class=\"hfe-infocard-text-wrap\">\n\t\t\t\t<div class=\"hfe-infocard-text elementor-inline-editing\" data-elementor-setting-key=\"infocard_description\" data-elementor-inline-editing-toolbar=\"advanced\">\n\t\t\t\t\tIm Restaurant Ciasa Lorenzi entsteht der Geschmack aus der <strong>Begegnung zwischen alpinen Wurzeln<\/strong> und zeitgen\u00f6ssischer Forschung. K\u00fcchenchef <strong>Riccardo Zannantonio<\/strong> leitet ein gastronomisches Angebot, das die Produkte der Region aufwertet und sie mit Kreativit\u00e4t und Liebe zum Detail neu interpretiert. <br><br>Sein kulinarisches Abenteuer beginnt fr\u00fch: Mit nur 19 Jahren kommt er in die renommierte <strong>Harry's Bar in Venedig<\/strong> und sammelt anschlie\u00dfend kosmopolitische Erfahrungen auf <strong>Ibiza, in Istanbul und Abu Dhabi<\/strong>. Nachdem er seine F\u00e4higkeiten in renommierten Hotels in <strong>St. Moritz<\/strong> und <strong>Sanremo<\/strong> verfeinert hatte und eine intensive Zeit in <strong>Brasilien<\/strong> verbracht hatte, entwickelte Riccardo einen einzigartigen Stil, der verschiedene Rezepte und Kulturen mit den authentischen Aromen der Dolomiten und der italienischen K\u00fcche verbindet. <br><br>Die R\u00fcckkehr zu den Wurzeln Ampezzos ist keine einfache R\u00fcckkehr in die Vergangenheit, <strong>sondern eine innovative Feier der lokalen Aromen<\/strong>. \t\t\t\t<\/div>\n\t\t\t\t\t\t\t<\/div>\n\t\t<\/div>\n\n\t\t\t\t\t\t<\/div>\n\t\t\t\t<\/div>\n\t\t\t\t<\/div>\n\t\t<div class=\"elementor-element elementor-element-6d904f1 e-con-full e-flex e-con e-child\" data-id=\"6d904f1\" data-element_type=\"container\" data-e-type=\"container\" data-settings=\"{&quot;background_background&quot;:&quot;classic&quot;}\">\n\t\t\t\t<\/div>\n\t\t\t\t\t<\/div>\n\t\t\t\t<\/div>\n\t\t<div class=\"elementor-element elementor-element-1bb3545 e-flex e-con-boxed e-con e-parent\" data-id=\"1bb3545\" data-element_type=\"container\" data-e-type=\"container\" data-settings=\"{&quot;background_background&quot;:&quot;classic&quot;}\">\n\t\t\t\t\t<div class=\"e-con-inner\">\n\t\t<div class=\"elementor-element elementor-element-d21544e e-con-full e-flex e-con e-child\" data-id=\"d21544e\" data-element_type=\"container\" data-e-type=\"container\" data-settings=\"{&quot;background_background&quot;:&quot;classic&quot;}\">\n\t\t\t\t<div class=\"elementor-element elementor-element-2dc1bad elementor-widget elementor-widget-text-editor\" data-id=\"2dc1bad\" data-element_type=\"widget\" data-e-type=\"widget\" data-widget_type=\"text-editor.default\">\n\t\t\t\t<div class=\"elementor-widget-container\">\n\t\t\t\t\t\t\t\t\t<p>Jedes Gericht wird zu einer Geschichte der Aromen, zu einer Balance zwischen authentischer Einfachheit und raffinierter Technik: Frische Zutaten aus der Region verbinden sich mit internationalen Einfl\u00fcssen, die er auf seinen Reisen gesammelt hat.<\/p><p>Die Aufmerksamkeit f\u00fcr die Rohstoffe, die Leidenschaft f\u00fcr saisonale Produkte und die sorgf\u00e4ltige Pr\u00e4sentation machen jede Kreation zu einem unvergesslichen Erlebnis. Eine K\u00fcche, die zu jedem Anlass passt: vom informellen Mittagessen nach einem Tag in den Bergen bis zum Gourmet-Dinner, das <b><b>Geselligkeit und Haute Cuisine<\/b><\/b> verbindet und jeden Tisch in eine Reise zwischen Tradition und Innovation verwandelt. <\/p><p>Kontaktieren Sie uns, wenn Sie einen Tisch reservieren m\u00f6chten.<\/p>\t\t\t\t\t\t\t\t<\/div>\n\t\t\t\t<\/div>\n\t\t\t\t<div class=\"elementor-element elementor-element-f4bdf29 elementor-align-right elementor-widget elementor-widget-button\" data-id=\"f4bdf29\" data-element_type=\"widget\" data-e-type=\"widget\" data-widget_type=\"button.default\">\n\t\t\t\t<div class=\"elementor-widget-container\">\n\t\t\t\t\t\t\t\t\t<div class=\"elementor-button-wrapper\">\n\t\t\t\t\t<a class=\"elementor-button elementor-button-link elementor-size-sm\" href=\"https:\/\/ciasalorenzi.it\/de\/menue\/\">\n\t\t\t\t\t\t<span class=\"elementor-button-content-wrapper\">\n\t\t\t\t\t\t\t\t\t<span class=\"elementor-button-text\">CONSULTA IL MENU DEL RISTORANTE<\/span>\n\t\t\t\t\t<\/span>\n\t\t\t\t\t<\/a>\n\t\t\t\t<\/div>\n\t\t\t\t\t\t\t\t<\/div>\n\t\t\t\t<\/div>\n\t\t\t\t<\/div>\n\t\t<div class=\"elementor-element elementor-element-b2a1af1 e-con-full e-flex e-con e-child\" data-id=\"b2a1af1\" data-element_type=\"container\" data-e-type=\"container\" data-settings=\"{&quot;background_background&quot;:&quot;slideshow&quot;,&quot;background_slideshow_gallery&quot;:[{&quot;id&quot;:2954,&quot;url&quot;:&quot;https:\\\/\\\/ciasalorenzi.it\\\/wp-content\\\/uploads\\\/2025\\\/11\\\/piatti.jpg&quot;},{&quot;id&quot;:2955,&quot;url&quot;:&quot;https:\\\/\\\/ciasalorenzi.it\\\/wp-content\\\/uploads\\\/2025\\\/11\\\/antipasti.jpg&quot;},{&quot;id&quot;:2956,&quot;url&quot;:&quot;https:\\\/\\\/ciasalorenzi.it\\\/wp-content\\\/uploads\\\/2025\\\/11\\\/primi.jpg&quot;},{&quot;id&quot;:2957,&quot;url&quot;:&quot;https:\\\/\\\/ciasalorenzi.it\\\/wp-content\\\/uploads\\\/2025\\\/11\\\/secondi.jpg&quot;}],&quot;background_slideshow_slide_duration&quot;:3800,&quot;background_slideshow_transition_duration&quot;:2200,&quot;background_slideshow_loop&quot;:&quot;yes&quot;,&quot;background_slideshow_slide_transition&quot;:&quot;fade&quot;}\">\n\t\t\t\t<\/div>\n\t\t\t\t\t<\/div>\n\t\t\t\t<\/div>\n\t\t<div class=\"elementor-element elementor-element-06dd4b5 e-con-full e-flex e-con e-parent\" data-id=\"06dd4b5\" data-element_type=\"container\" data-e-type=\"container\" data-settings=\"{&quot;background_background&quot;:&quot;classic&quot;}\">\n\t\t<div class=\"elementor-element elementor-element-b88be0d e-con-full e-flex e-con e-child\" data-id=\"b88be0d\" data-element_type=\"container\" data-e-type=\"container\" data-settings=\"{&quot;background_background&quot;:&quot;classic&quot;,&quot;shape_divider_top&quot;:&quot;pyramids&quot;,&quot;shape_divider_top_negative&quot;:&quot;yes&quot;}\">\n\t\t\t\t<div class=\"elementor-shape elementor-shape-top\" aria-hidden=\"true\" data-negative=\"true\">\n\t\t\t<svg xmlns=\"http:\/\/www.w3.org\/2000\/svg\" viewBox=\"0 0 1000 100\" preserveAspectRatio=\"none\">\n\t<path class=\"elementor-shape-fill\" d=\"M761.9,40.6L643.1,24L333.9,93.8L0.1,1H0v99h1000V1\"\/>\n<\/svg>\t\t<\/div>\n\t\t<div class=\"elementor-element elementor-element-e440d7a e-con-full e-flex e-con e-child\" data-id=\"e440d7a\" data-element_type=\"container\" data-e-type=\"container\">\n\t\t\t\t<div class=\"elementor-element elementor-element-ba75630 elementor-widget elementor-widget-heading\" data-id=\"ba75630\" data-element_type=\"widget\" data-e-type=\"widget\" data-widget_type=\"heading.default\">\n\t\t\t\t<div class=\"elementor-widget-container\">\n\t\t\t\t\t<h3 class=\"elementor-heading-title elementor-size-default\">Erleben Sie eine unvergessliche Zeit in Cortina \u2013 planen Sie noch heute Ihren Aufenthalt im Ciasa Lorenzi!<\/h3>\t\t\t\t<\/div>\n\t\t\t\t<\/div>\n\t\t\t\t<div class=\"elementor-element elementor-element-8a550d8 elementor-widget elementor-widget-text-editor\" data-id=\"8a550d8\" data-element_type=\"widget\" data-e-type=\"widget\" data-widget_type=\"text-editor.default\">\n\t\t\t\t<div class=\"elementor-widget-container\">\n\t\t\t\t\t\t\t\t\t<p>Wir stehen Ihnen gerne zur Verf\u00fcgung, um Ihnen ein ma\u00dfgeschneidertes Erlebnis ganz nach Ihren W\u00fcnschen zu bieten.<\/p>\t\t\t\t\t\t\t\t<\/div>\n\t\t\t\t<\/div>\n\t\t\t\t<div class=\"elementor-element elementor-element-41ffc8a elementor-widget elementor-widget-heading\" data-id=\"41ffc8a\" data-element_type=\"widget\" data-e-type=\"widget\" data-widget_type=\"heading.default\">\n\t\t\t\t<div class=\"elementor-widget-container\">\n\t\t\t\t\t<p class=\"elementor-heading-title elementor-size-default\">Rufen Sie uns an<\/p>\t\t\t\t<\/div>\n\t\t\t\t<\/div>\n\t\t\t\t<div class=\"elementor-element elementor-element-7d08bd9 elementor-align-center elementor-icon-list--layout-traditional elementor-list-item-link-full_width elementor-widget elementor-widget-icon-list\" data-id=\"7d08bd9\" data-element_type=\"widget\" data-e-type=\"widget\" data-widget_type=\"icon-list.default\">\n\t\t\t\t<div class=\"elementor-widget-container\">\n\t\t\t\t\t\t\t<ul class=\"elementor-icon-list-items\">\n\t\t\t\t\t\t\t<li class=\"elementor-icon-list-item\">\n\t\t\t\t\t\t\t\t\t\t\t<a href=\"tel:+3904362232\">\n\n\t\t\t\t\t\t\t\t\t\t\t\t<span class=\"elementor-icon-list-icon\">\n\t\t\t\t\t\t\t<i aria-hidden=\"true\" class=\"fas fa-phone-alt\"><\/i>\t\t\t\t\t\t<\/span>\n\t\t\t\t\t\t\t\t\t\t<span class=\"elementor-icon-list-text\">+39.0436.2232<\/span>\n\t\t\t\t\t\t\t\t\t\t\t<\/a>\n\t\t\t\t\t\t\t\t\t<\/li>\n\t\t\t\t\t\t<\/ul>\n\t\t\t\t\t\t<\/div>\n\t\t\t\t<\/div>\n\t\t\t\t<div class=\"elementor-element elementor-element-7785d2b elementor-widget elementor-widget-heading\" data-id=\"7785d2b\" data-element_type=\"widget\" data-e-type=\"widget\" data-widget_type=\"heading.default\">\n\t\t\t\t<div class=\"elementor-widget-container\">\n\t\t\t\t\t<p class=\"elementor-heading-title elementor-size-default\">Online-Buchung<\/p>\t\t\t\t<\/div>\n\t\t\t\t<\/div>\n\t\t\t\t<div class=\"elementor-element elementor-element-b3e054a elementor-align-center elementor-icon-list--layout-traditional elementor-list-item-link-full_width elementor-widget elementor-widget-icon-list\" data-id=\"b3e054a\" data-element_type=\"widget\" data-e-type=\"widget\" data-widget_type=\"icon-list.default\">\n\t\t\t\t<div class=\"elementor-widget-container\">\n\t\t\t\t\t\t\t<ul class=\"elementor-icon-list-items\">\n\t\t\t\t\t\t\t<li class=\"elementor-icon-list-item\">\n\t\t\t\t\t\t\t\t\t\t\t<a href=\"https:\/\/ciasalorenzi.it\/de\/online-buchen\/\">\n\n\t\t\t\t\t\t\t\t\t\t\t\t<span class=\"elementor-icon-list-icon\">\n\t\t\t\t\t\t\t<i aria-hidden=\"true\" class=\"far fa-calendar-alt\"><\/i>\t\t\t\t\t\t<\/span>\n\t\t\t\t\t\t\t\t\t\t<span class=\"elementor-icon-list-text\">Online buchen<\/span>\n\t\t\t\t\t\t\t\t\t\t\t<\/a>\n\t\t\t\t\t\t\t\t\t<\/li>\n\t\t\t\t\t\t<\/ul>\n\t\t\t\t\t\t<\/div>\n\t\t\t\t<\/div>\n\t\t\t\t<\/div>\n\t\t\t\t<\/div>\n\t\t\t\t<\/div>\n\t\t\t\t<\/div>\n\t\t","protected":false},"excerpt":{"rendered":"<p>RestaurantCiasa Lorenzi Die K\u00fcche des Ciasa Lorenzi ist eine Reise zwischen Tradition und Kreativit\u00e4t. Nur wenige Schritte vom Zentrum entfernt und bequem zu Fu\u00df erreichbar, erwartet Sie das Restaurant zu einem Mittag- oder Abendessen mit Freunden, der Familie oder zu Gesch\u00e4ftstreffen. Die K\u00fcche als Erlebnis Im Restaurant Ciasa Lorenzi entsteht der Geschmack aus der Begegnung [&hellip;]<\/p>\n","protected":false},"author":1,"featured_media":0,"parent":0,"menu_order":0,"comment_status":"closed","ping_status":"closed","template":"","meta":{"site-sidebar-layout":"no-sidebar","site-content-layout":"page-builder","ast-site-content-layout":"full-width-container","site-content-style":"unboxed","site-sidebar-style":"unboxed","ast-global-header-display":"","ast-banner-title-visibility":"","ast-main-header-display":"","ast-hfb-above-header-display":"","ast-hfb-below-header-display":"","ast-hfb-mobile-header-display":"","site-post-title":"disabled","ast-breadcrumbs-content":"","ast-featured-img":"disabled","footer-sml-layout":"","ast-disable-related-posts":"","theme-transparent-header-meta":"enabled","adv-header-id-meta":"","stick-header-meta":"","header-above-stick-meta":"","header-main-stick-meta":"","header-below-stick-meta":"","astra-migrate-meta-layouts":"set","ast-page-background-enabled":"default","ast-page-background-meta":{"desktop":{"background-color":"","background-image":"","background-repeat":"repeat","background-position":"center center","background-size":"auto","background-attachment":"scroll","background-type":"","background-media":"","overlay-type":"","overlay-color":"","overlay-opacity":"","overlay-gradient":""},"tablet":{"background-color":"","background-image":"","background-repeat":"repeat","background-position":"center center","background-size":"auto","background-attachment":"scroll","background-type":"","background-media":"","overlay-type":"","overlay-color":"","overlay-opacity":"","overlay-gradient":""},"mobile":{"background-color":"","background-image":"","background-repeat":"repeat","background-position":"center center","background-size":"auto","background-attachment":"scroll","background-type":"","background-media":"","overlay-type":"","overlay-color":"","overlay-opacity":"","overlay-gradient":""}},"ast-content-background-meta":{"desktop":{"background-color":"var(--ast-global-color-5)","background-image":"","background-repeat":"repeat","background-position":"center center","background-size":"auto","background-attachment":"scroll","background-type":"","background-media":"","overlay-type":"","overlay-color":"","overlay-opacity":"","overlay-gradient":""},"tablet":{"background-color":"var(--ast-global-color-5)","background-image":"","background-repeat":"repeat","background-position":"center center","background-size":"auto","background-attachment":"scroll","background-type":"","background-media":"","overlay-type":"","overlay-color":"","overlay-opacity":"","overlay-gradient":""},"mobile":{"background-color":"var(--ast-global-color-5)","background-image":"","background-repeat":"repeat","background-position":"center center","background-size":"auto","background-attachment":"scroll","background-type":"","background-media":"","overlay-type":"","overlay-color":"","overlay-opacity":"","overlay-gradient":""}},"footnotes":""},"class_list":["post-2958","page","type-page","status-publish","hentry"],"_links":{"self":[{"href":"https:\/\/ciasalorenzi.it\/de\/wp-json\/wp\/v2\/pages\/2958","targetHints":{"allow":["GET"]}}],"collection":[{"href":"https:\/\/ciasalorenzi.it\/de\/wp-json\/wp\/v2\/pages"}],"about":[{"href":"https:\/\/ciasalorenzi.it\/de\/wp-json\/wp\/v2\/types\/page"}],"author":[{"embeddable":true,"href":"https:\/\/ciasalorenzi.it\/de\/wp-json\/wp\/v2\/users\/1"}],"replies":[{"embeddable":true,"href":"https:\/\/ciasalorenzi.it\/de\/wp-json\/wp\/v2\/comments?post=2958"}],"version-history":[{"count":4,"href":"https:\/\/ciasalorenzi.it\/de\/wp-json\/wp\/v2\/pages\/2958\/revisions"}],"predecessor-version":[{"id":3291,"href":"https:\/\/ciasalorenzi.it\/de\/wp-json\/wp\/v2\/pages\/2958\/revisions\/3291"}],"wp:attachment":[{"href":"https:\/\/ciasalorenzi.it\/de\/wp-json\/wp\/v2\/media?parent=2958"}],"curies":[{"name":"wp","href":"https:\/\/api.w.org\/{rel}","templated":true}]}}